{"id":8776,"date":"2023-03-23T14:15:20","date_gmt":"2023-03-23T17:15:20","guid":{"rendered":"https:\/\/memorialdecruzdasalmas.com.br\/memorial\/?page_id=8776"},"modified":"2023-03-23T14:51:53","modified_gmt":"2023-03-23T17:51:53","slug":"estacao-ferroviaria-da-coplan","status":"publish","type":"page","link":"https:\/\/memorialdecruzdasalmas.com.br\/memorial\/estacao-ferroviaria-da-coplan\/","title":{"rendered":"Esta\u00e7\u00e3o Ferrovi\u00e1ria da Coplan"},"content":{"rendered":"\t\t<div data-elementor-type=\"wp-page\" data-elementor-id=\"8776\" class=\"elementor elementor-8776\">\n\t\t\t\t\t\t\t\t\t<section class=\"elementor-section elementor-top-section elementor-element elementor-element-6e6205ad elementor-section-full_width elementor-section-stretched elementor-section-height-default elementor-section-height-default\" data-id=\"6e6205ad\" data-element_type=\"section\" data-settings=\"{&quot;stretch_section&quot;:&quot;section-stretched&quot;,&quot;background_background&quot;:&quot;classic&quot;}\">\n\t\t\t\t\t\t\t<div class=\"elementor-background-overlay\"><\/div>\n\t\t\t\t\t\t\t<div class=\"elementor-container elementor-column-gap-no\">\n\t\t\t\t\t<div class=\"elementor-column elementor-col-100 elementor-top-column elementor-element elementor-element-694854af\" data-id=\"694854af\" data-element_type=\"column\">\n\t\t\t<div class=\"elementor-widget-wrap elementor-element-populated\">\n\t\t\t\t\t\t\t\t<div class=\"elementor-element elementor-element-e7213b2 elementor-widget elementor-widget-spacer\" data-id=\"e7213b2\" data-element_type=\"widget\" data-widget_type=\"spacer.default\">\n\t\t\t\t<div class=\"elementor-widget-container\">\n\t\t\t<style>\/*! elementor - v3.11.3 - 07-03-2023 *\/\n.elementor-column .elementor-spacer-inner{height:var(--spacer-size)}.e-con{--container-widget-width:100%}.e-con-inner>.elementor-widget-spacer,.e-con>.elementor-widget-spacer{width:var(--container-widget-width,var(--spacer-size));--align-self:var(--container-widget-align-self,initial);--flex-shrink:0}.e-con-inner>.elementor-widget-spacer>.elementor-widget-container,.e-con-inner>.elementor-widget-spacer>.elementor-widget-container>.elementor-spacer,.e-con>.elementor-widget-spacer>.elementor-widget-container,.e-con>.elementor-widget-spacer>.elementor-widget-container>.elementor-spacer{height:100%}.e-con-inner>.elementor-widget-spacer>.elementor-widget-container>.elementor-spacer>.elementor-spacer-inner,.e-con>.elementor-widget-spacer>.elementor-widget-container>.elementor-spacer>.elementor-spacer-inner{height:var(--container-widget-height,var(--spacer-size))}<\/style>\t\t<div class=\"elementor-spacer\">\n\t\t\t<div class=\"elementor-spacer-inner\"><\/div>\n\t\t<\/div>\n\t\t\t\t<\/div>\n\t\t\t\t<\/div>\n\t\t\t\t<div class=\"elementor-element elementor-element-4c1f830e elementor-widget elementor-widget-imroz-section-title\" data-id=\"4c1f830e\" data-element_type=\"widget\" data-widget_type=\"imroz-section-title.default\">\n\t\t\t\t<div class=\"elementor-widget-container\">\n\t\t\t        <div class=\"section-title mb--20 mb_sm--0 text-center\">\n                                        <span class=\"sub-title\">Siga, Curta e Compartilhe!<\/span>\n                        <h2 class=\"title rbt-section-title\"><span>Esta\u00e7\u00e3o  Ferrovi\u00e1ria da Coplan<\/span><\/h2>                            <p>Conhe\u00e7a um pouco sobre a hist\u00f3ria.<\/p>\n                            <\/div>\n        \t\t<\/div>\n\t\t\t\t<\/div>\n\t\t\t\t<div class=\"elementor-element elementor-element-7aa261b8 elementor-widget elementor-widget-spacer\" data-id=\"7aa261b8\" data-element_type=\"widget\" data-widget_type=\"spacer.default\">\n\t\t\t\t<div class=\"elementor-widget-container\">\n\t\t\t\t\t<div class=\"elementor-spacer\">\n\t\t\t<div class=\"elementor-spacer-inner\"><\/div>\n\t\t<\/div>\n\t\t\t\t<\/div>\n\t\t\t\t<\/div>\n\t\t\t\t\t<\/div>\n\t\t<\/div>\n\t\t\t\t\t\t\t<\/div>\n\t\t<\/section>\n\t\t\t\t<section class=\"elementor-section elementor-top-section elementor-element elementor-element-23e582d elementor-section-boxed elementor-section-height-default elementor-section-height-default\" data-id=\"23e582d\" data-element_type=\"section\">\n\t\t\t\t\t\t<div class=\"elementor-container elementor-column-gap-default\">\n\t\t\t\t\t<div class=\"elementor-column elementor-col-100 elementor-top-column elementor-element elementor-element-f818d6c\" data-id=\"f818d6c\" data-element_type=\"column\">\n\t\t\t<div class=\"elementor-widget-wrap elementor-element-populated\">\n\t\t\t\t\t\t\t\t<div class=\"elementor-element elementor-element-04ac7fd elementor-widget elementor-widget-imroz-section-title\" data-id=\"04ac7fd\" data-element_type=\"widget\" data-widget_type=\"imroz-section-title.default\">\n\t\t\t\t<div class=\"elementor-widget-container\">\n\t\t\t        <div class=\"section-title mb--20 mb_sm--0 text-left\">\n                                        <span class=\"sub-title\">Memorial Digital!<\/span>\n                        <h2 class=\"title rbt-section-title\"><span>Apresenta\u00e7\u00e3o<\/span><\/h2>                            <\/div>\n        \t\t<\/div>\n\t\t\t\t<\/div>\n\t\t\t\t<div class=\"elementor-element elementor-element-2bd4ad4 elementor-widget elementor-widget-text-editor\" data-id=\"2bd4ad4\" data-element_type=\"widget\" data-widget_type=\"text-editor.default\">\n\t\t\t\t<div class=\"elementor-widget-container\">\n\t\t\t<style>\/*! elementor - v3.11.3 - 07-03-2023 *\/\n.elementor-widget-text-editor.elementor-drop-cap-view-stacked .elementor-drop-cap{background-color:#818a91;color:#fff}.elementor-widget-text-editor.elementor-drop-cap-view-framed .elementor-drop-cap{color:#818a91;border:3px solid;background-color:transparent}.elementor-widget-text-editor:not(.elementor-drop-cap-view-default) .elementor-drop-cap{margin-top:8px}.elementor-widget-text-editor:not(.elementor-drop-cap-view-default) .elementor-drop-cap-letter{width:1em;height:1em}.elementor-widget-text-editor .elementor-drop-cap{float:left;text-align:center;line-height:1;font-size:50px}.elementor-widget-text-editor .elementor-drop-cap-letter{display:inline-block}<\/style>\t\t\t\t<p><span style=\"color: #333333;\">H\u00e1 um bel\u00edssimo pr\u00e9dio ali nas imedia\u00e7\u00f5es do bairro Coplan, um im\u00f3vel que chama a aten\u00e7\u00e3o, principalmente de quem entra na cidade, por causa dos seus belos tra\u00e7os arquitet\u00f4nicos que, segundo alguns, lembram um projeto do renomado arquiteto Oscar Niemeyer (por\u00e9m, n\u00e3o h\u00e1 nenhum documento que comprove tal afirma\u00e7\u00e3o).<\/span><\/p><p><span style=\"color: #333333;\">Quando se iniciou a constru\u00e7\u00e3o desta\u00a0 esta\u00e7\u00e3o, na Coplan, ela era identificada como a &#8220;Esta\u00e7\u00e3o Nova&#8221;, para distingu\u00ed-la da esta\u00e7\u00e3o antiga, que passou a ser chamada de &#8220;Esta\u00e7\u00e3o Velha&#8221;. O pr\u00e9dio envelheceu, mas ela era a Esta\u00e7\u00e3o Nova.<\/span><\/p><p><span style=\"color: #333333;\">Trata-se do pr\u00e9dio da Esta\u00e7\u00e3o Cruz das Almas, constru\u00edda pela Via\u00e7\u00e3o F\u00e9rrea Federal Leste Brasileiro em 1958. Esta esta\u00e7\u00e3o ferrovi\u00e1ria ganhou o nome de Cruz das Almas porque a antiga Esta\u00e7\u00e3o Cruz das Almas, que ficava no Pombal, teve o nome alterado para Engenheiro Eurico Macedo.<\/span><\/p><p><span style=\"color: #333333;\">Na verdade era um ramal que fazia parte do trecho Cruz das Almas &#8211; Santo Ant\u00f4nio de Jesus, cuja ideia do projeto original era unir as linhas Sul (Salvador \u2013 Monte Azul) e E. F. Nazar\u00e9, esta isolada mais ao sul do Rec\u00f4ncavo. Por algum motivo, ainda desconhecido, o trecho nunca foi completado.<\/span><\/p><p><span style=\"color: #333333;\">Alguns contempor\u00e2neos afirmam que o funcionamento do trem de passageiros chegou a efetivar-se at\u00e9 a cidade de Santo Ant\u00f4nio de Jesus apenas no dia da inaugura\u00e7\u00e3o, sem nunca, sequer, tenha chegado a Nazar\u00e9. J\u00e1 outros, contam que, pelo menos entre os anos de 1960 e de 1963, um trem de passageiros tenha circulado entre Cruz das Almas e Concei\u00e7\u00e3o de Almeida. E h\u00e1 ainda relatos de quem se recorde de ter presenciado a movimenta\u00e7\u00e3o de trens com vag\u00f5es de carga de cimento e pedras, manobrando ali no p\u00e1tio da esta\u00e7\u00e3o; mas, em pouco tempo depois, a linha teria sido desativada.\u00a0<\/span><\/p><p><span style=\"color: #333333;\">De fato, o Guia Levi, usado como refer\u00eancia de hor\u00e1rios de trens de passageiros, de 1960 a 1963, acusa a exist\u00eancia de trens de passageiros ligando Cruz das Almas \u00e0 esta\u00e7\u00e3o de Concei\u00e7\u00e3o de Almeida, um trecho com 11 quil\u00f4metros de extens\u00e3o; mas, j\u00e1 em 1965, ele\u00a0n\u00e3o mais existia.<\/span><\/p><p><span style=\"color: #333333;\">O pr\u00e9dio abandonado, por\u00e9m preservado, desde o in\u00edcio da d\u00e9cada de 70, atualmente faz parte do esp\u00f3lio da RFFSA e est\u00e1 sob a guarda do Munic\u00edpio. Recentemente recebeu uma pintura art\u00edstica, com tema da festa junina. Al\u00e9m disso, a Prefeitura Municipal fez um trabalho de infraestrutura no seu entorno para que o espa\u00e7o pudesse ser utilizado como parque para a realiza\u00e7\u00e3o do &#8220;S\u00e3o Jo\u00e3o de Cruz das Almas&#8221;. Tais a\u00e7\u00f5es tem servido n\u00e3o s\u00f3 para embelezar o monumento, mas reflete o desejo de grande parte da popula\u00e7\u00e3o de que o pr\u00e9dio venha a transformar-se num equipamento de uso p\u00fablico, como um centro cultural ou um museu, por exemplo.<\/span><\/p>\t\t\t\t\t\t<\/div>\n\t\t\t\t<\/div>\n\t\t\t\t<div class=\"elementor-element elementor-element-71605a3 elementor-widget elementor-widget-spacer\" data-id=\"71605a3\" data-element_type=\"widget\" data-widget_type=\"spacer.default\">\n\t\t\t\t<div class=\"elementor-widget-container\">\n\t\t\t\t\t<div class=\"elementor-spacer\">\n\t\t\t<div class=\"elementor-spacer-inner\"><\/div>\n\t\t<\/div>\n\t\t\t\t<\/div>\n\t\t\t\t<\/div>\n\t\t\t\t<div class=\"elementor-element elementor-element-522d666 elementor-arrows-position-inside elementor-pagination-position-outside elementor-widget elementor-widget-image-carousel\" data-id=\"522d666\" data-element_type=\"widget\" data-settings=\"{&quot;navigation&quot;:&quot;both&quot;,&quot;autoplay&quot;:&quot;yes&quot;,&quot;pause_on_hover&quot;:&quot;yes&quot;,&quot;pause_on_interaction&quot;:&quot;yes&quot;,&quot;autoplay_speed&quot;:5000,&quot;infinite&quot;:&quot;yes&quot;,&quot;speed&quot;:500}\" data-widget_type=\"image-carousel.default\">\n\t\t\t\t<div class=\"elementor-widget-container\">\n\t\t\t<style>\/*! elementor - v3.11.3 - 07-03-2023 *\/\n.elementor-widget-image-carousel .swiper,.elementor-widget-image-carousel .swiper-container{position:static}.elementor-widget-image-carousel .swiper-container .swiper-slide figure,.elementor-widget-image-carousel .swiper .swiper-slide figure{line-height:inherit}.elementor-widget-image-carousel .swiper-slide{text-align:center}.elementor-image-carousel-wrapper:not(.swiper-container-initialized) .swiper-slide,.elementor-image-carousel-wrapper:not(.swiper-initialized) .swiper-slide{max-width:calc(100% \/ var(--e-image-carousel-slides-to-show, 3))}<\/style>\t\t<div class=\"elementor-image-carousel-wrapper swiper-container\" dir=\"ltr\">\n\t\t\t<div class=\"elementor-image-carousel swiper-wrapper\">\n\t\t\t\t\t\t\t\t<div class=\"swiper-slide\"><a data-elementor-open-lightbox=\"yes\" data-elementor-lightbox-slideshow=\"522d666\" data-elementor-lightbox-title=\"estac3a7c3a3o-ferrovic3a1ria-1965\" data-e-action-hash=\"#elementor-action%3Aaction%3Dlightbox%26settings%3DeyJpZCI6ODgyNCwidXJsIjoiaHR0cHM6XC9cL21lbW9yaWFsZGVjcnV6ZGFzYWxtYXMuY29tLmJyXC9tZW1vcmlhbFwvd3AtY29udGVudFwvdXBsb2Fkc1wvMjAyM1wvMDNcL2VzdGFjM2E3YzNhM28tZmVycm92aWMzYTFyaWEtMTk2NS5qcGciLCJzbGlkZXNob3ciOiI1MjJkNjY2In0%3D\" href=\"https:\/\/memorialdecruzdasalmas.com.br\/memorial\/wp-content\/uploads\/2023\/03\/estac3a7c3a3o-ferrovic3a1ria-1965.jpg\"><figure class=\"swiper-slide-inner\"><img decoding=\"async\" class=\"swiper-slide-image\" src=\"https:\/\/memorialdecruzdasalmas.com.br\/memorial\/wp-content\/uploads\/2023\/03\/estac3a7c3a3o-ferrovic3a1ria-1965.jpg\" alt=\"estac3a7c3a3o-ferrovic3a1ria-1965\" \/><\/figure><\/a><\/div><div class=\"swiper-slide\"><a data-elementor-open-lightbox=\"yes\" data-elementor-lightbox-slideshow=\"522d666\" data-elementor-lightbox-title=\"esta\u00e7\u00e3o202\" data-e-action-hash=\"#elementor-action%3Aaction%3Dlightbox%26settings%3DeyJpZCI6ODgyMiwidXJsIjoiaHR0cHM6XC9cL21lbW9yaWFsZGVjcnV6ZGFzYWxtYXMuY29tLmJyXC9tZW1vcmlhbFwvd3AtY29udGVudFwvdXBsb2Fkc1wvMjAyM1wvMDNcL2VzdGFjYW8yMDIuanBnIiwic2xpZGVzaG93IjoiNTIyZDY2NiJ9\" href=\"https:\/\/memorialdecruzdasalmas.com.br\/memorial\/wp-content\/uploads\/2023\/03\/estacao202.jpg\"><figure class=\"swiper-slide-inner\"><img decoding=\"async\" class=\"swiper-slide-image\" src=\"https:\/\/memorialdecruzdasalmas.com.br\/memorial\/wp-content\/uploads\/2023\/03\/estacao202.jpg\" alt=\"esta\u00e7\u00e3o202\" \/><\/figure><\/a><\/div><div class=\"swiper-slide\"><a data-elementor-open-lightbox=\"yes\" data-elementor-lightbox-slideshow=\"522d666\" data-elementor-lightbox-title=\"esta\u00e7\u00e3o 23232\" data-e-action-hash=\"#elementor-action%3Aaction%3Dlightbox%26settings%3DeyJpZCI6ODgyMSwidXJsIjoiaHR0cHM6XC9cL21lbW9yaWFsZGVjcnV6ZGFzYWxtYXMuY29tLmJyXC9tZW1vcmlhbFwvd3AtY29udGVudFwvdXBsb2Fkc1wvMjAyM1wvMDNcL2VzdGFjYW8tMjMyMzIucG5nIiwic2xpZGVzaG93IjoiNTIyZDY2NiJ9\" href=\"https:\/\/memorialdecruzdasalmas.com.br\/memorial\/wp-content\/uploads\/2023\/03\/estacao-23232.png\"><figure class=\"swiper-slide-inner\"><img decoding=\"async\" class=\"swiper-slide-image\" src=\"https:\/\/memorialdecruzdasalmas.com.br\/memorial\/wp-content\/uploads\/2023\/03\/estacao-23232-768x445.png\" alt=\"esta\u00e7\u00e3o 23232\" \/><\/figure><\/a><\/div><div class=\"swiper-slide\"><a data-elementor-open-lightbox=\"yes\" data-elementor-lightbox-slideshow=\"522d666\" data-elementor-lightbox-title=\"esta\u00e7\u00e3o20\" data-e-action-hash=\"#elementor-action%3Aaction%3Dlightbox%26settings%3DeyJpZCI6ODgyMywidXJsIjoiaHR0cHM6XC9cL21lbW9yaWFsZGVjcnV6ZGFzYWxtYXMuY29tLmJyXC9tZW1vcmlhbFwvd3AtY29udGVudFwvdXBsb2Fkc1wvMjAyM1wvMDNcL2VzdGFjYW8yMC5qcGciLCJzbGlkZXNob3ciOiI1MjJkNjY2In0%3D\" href=\"https:\/\/memorialdecruzdasalmas.com.br\/memorial\/wp-content\/uploads\/2023\/03\/estacao20.jpg\"><figure class=\"swiper-slide-inner\"><img decoding=\"async\" class=\"swiper-slide-image\" src=\"https:\/\/memorialdecruzdasalmas.com.br\/memorial\/wp-content\/uploads\/2023\/03\/estacao20.jpg\" alt=\"esta\u00e7\u00e3o20\" \/><\/figure><\/a><\/div>\t\t\t<\/div>\n\t\t\t\t\t\t\t\t\t\t\t\t<div class=\"swiper-pagination\"><\/div>\n\t\t\t\t\t\t\t\t\t\t\t\t\t<div class=\"elementor-swiper-button elementor-swiper-button-prev\">\n\t\t\t\t\t\t<i aria-hidden=\"true\" class=\"eicon-chevron-left\"><\/i>\t\t\t\t\t\t<span class=\"elementor-screen-only\">Anterior<\/span>\n\t\t\t\t\t<\/div>\n\t\t\t\t\t<div class=\"elementor-swiper-button elementor-swiper-button-next\">\n\t\t\t\t\t\t<i aria-hidden=\"true\" class=\"eicon-chevron-right\"><\/i>\t\t\t\t\t\t<span class=\"elementor-screen-only\">Pr\u00f3ximo<\/span>\n\t\t\t\t\t<\/div>\n\t\t\t\t\t\t\t\t\t<\/div>\n\t\t\t\t<\/div>\n\t\t\t\t<\/div>\n\t\t\t\t<div class=\"elementor-element elementor-element-b7cb4be elementor-widget elementor-widget-text-editor\" data-id=\"b7cb4be\" data-element_type=\"widget\" data-widget_type=\"text-editor.default\">\n\t\t\t\t<div class=\"elementor-widget-container\">\n\t\t\t\t\t\t\t<p>(FONTES: Lorena Silva Santos; Roosevelt Reis; Cyro Deocleciano R. Pessoa Jr.: Estradas de Ferro do Brazil, 1886; A Leste Brasileiro e o Desenvolvimento Econ\u00f4mico da Bahia, 1960; IBGE: Enciclop\u00e9dia dos Munic\u00edpios Brasileiros, vol. XX, 1958; Guia Geral das Estradas de Ferro, 1960; Edisandro Barbosa Bingre: <a href=\"http:\/\/www.almanaquecruzalmense.com.br\">www.almanaquecruzalmense.com.br<\/a>)<\/p>\t\t\t\t\t\t<\/div>\n\t\t\t\t<\/div>\n\t\t\t\t\t<\/div>\n\t\t<\/div>\n\t\t\t\t\t\t\t<\/div>\n\t\t<\/section>\n\t\t\t\t\t\t\t<\/div>\n\t\t","protected":false},"excerpt":{"rendered":"<p>Siga, Curta e Compartilhe! Esta\u00e7\u00e3o Ferrovi\u00e1ria da Coplan Conhe\u00e7a um pouco sobre a hist\u00f3ria. Memorial Digital! Apresenta\u00e7\u00e3o H\u00e1 um bel\u00edssimo pr\u00e9dio ali nas imedia\u00e7\u00f5es do bairro Coplan, um im\u00f3vel que chama a aten\u00e7\u00e3o, principalmente de quem entra na cidade, por causa dos seus belos tra\u00e7os arquitet\u00f4nicos que, segundo alguns, lembram um projeto do renomado arquiteto [&hellip;]<\/p>\n","protected":false},"author":1,"featured_media":0,"parent":0,"menu_order":0,"comment_status":"closed","ping_status":"closed","template":"elementor_header_footer","meta":{"footnotes":""},"class_list":["post-8776","page","type-page","status-publish","hentry"],"acf":[],"_links":{"self":[{"href":"https:\/\/memorialdecruzdasalmas.com.br\/memorial\/wp-json\/wp\/v2\/pages\/8776","targetHints":{"allow":["GET"]}}],"collection":[{"href":"https:\/\/memorialdecruzdasalmas.com.br\/memorial\/wp-json\/wp\/v2\/pages"}],"about":[{"href":"https:\/\/memorialdecruzdasalmas.com.br\/memorial\/wp-json\/wp\/v2\/types\/page"}],"author":[{"embeddable":true,"href":"https:\/\/memorialdecruzdasalmas.com.br\/memorial\/wp-json\/wp\/v2\/users\/1"}],"replies":[{"embeddable":true,"href":"https:\/\/memorialdecruzdasalmas.com.br\/memorial\/wp-json\/wp\/v2\/comments?post=8776"}],"version-history":[{"count":16,"href":"https:\/\/memorialdecruzdasalmas.com.br\/memorial\/wp-json\/wp\/v2\/pages\/8776\/revisions"}],"predecessor-version":[{"id":8836,"href":"https:\/\/memorialdecruzdasalmas.com.br\/memorial\/wp-json\/wp\/v2\/pages\/8776\/revisions\/8836"}],"wp:attachment":[{"href":"https:\/\/memorialdecruzdasalmas.com.br\/memorial\/wp-json\/wp\/v2\/media?parent=8776"}],"curies":[{"name":"wp","href":"https:\/\/api.w.org\/{rel}","templated":true}]}}